{"id":519,"date":"2020-12-15T11:42:47","date_gmt":"2020-12-15T10:42:47","guid":{"rendered":"http:\/\/artkom-studio.com\/bellamy\/?page_id=519"},"modified":"2020-12-15T11:42:47","modified_gmt":"2020-12-15T10:42:47","slug":"rochambeau","status":"publish","type":"page","link":"https:\/\/artkom-studio.com\/bellamy\/rochambeau\/","title":{"rendered":"Rochambeau"},"content":{"rendered":"<p>Trac\u00e9 du dessin de lettres \u00e0 la main d&rsquo;apr\u00e8s la plaque du mus\u00e9e de Vend\u00f4me du d\u00e9but du XIX\u00e8me si\u00e8cle, Plaque All\u00e9gorie, D\u00e9coupe des caract\u00e8res \u00e0 la main avec un porte-lame Ray\u00e9es \u00e0 la pointe \u00e0 tracer<\/p>\n<p>[URIS id=520]<\/p>\n","protected":false},"excerpt":{"rendered":"<p>Trac\u00e9 du dessin de lettres \u00e0 la main d&rsquo;apr\u00e8s la plaque du mus\u00e9e de Vend\u00f4me du d\u00e9but du XIX\u00e8me si\u00e8cle, Plaque All\u00e9gorie, D\u00e9coupe des caract\u00e8res \u00e0 la main avec un porte-lame Ray\u00e9es \u00e0 la pointe \u00e0 tracer [URIS id=520]<\/p>\n","protected":false},"author":1,"featured_media":0,"parent":0,"menu_order":0,"comment_status":"closed","ping_status":"open","template":"","meta":{"_seopress_robots_primary_cat":"","_seopress_titles_title":"","_seopress_titles_desc":"","_seopress_robots_index":"","iawp_total_views":1,"footnotes":""},"class_list":["post-519","page","type-page","status-publish","hentry"],"_links":{"self":[{"href":"https:\/\/artkom-studio.com\/bellamy\/wp-json\/wp\/v2\/pages\/519","targetHints":{"allow":["GET"]}}],"collection":[{"href":"https:\/\/artkom-studio.com\/bellamy\/wp-json\/wp\/v2\/pages"}],"about":[{"href":"https:\/\/artkom-studio.com\/bellamy\/wp-json\/wp\/v2\/types\/page"}],"author":[{"embeddable":true,"href":"https:\/\/artkom-studio.com\/bellamy\/wp-json\/wp\/v2\/users\/1"}],"replies":[{"embeddable":true,"href":"https:\/\/artkom-studio.com\/bellamy\/wp-json\/wp\/v2\/comments?post=519"}],"version-history":[{"count":1,"href":"https:\/\/artkom-studio.com\/bellamy\/wp-json\/wp\/v2\/pages\/519\/revisions"}],"predecessor-version":[{"id":539,"href":"https:\/\/artkom-studio.com\/bellamy\/wp-json\/wp\/v2\/pages\/519\/revisions\/539"}],"wp:attachment":[{"href":"https:\/\/artkom-studio.com\/bellamy\/wp-json\/wp\/v2\/media?parent=519"}],"curies":[{"name":"wp","href":"https:\/\/api.w.org\/{rel}","templated":true}]}}