{"id":351,"date":"2020-12-14T15:18:13","date_gmt":"2020-12-14T14:18:13","guid":{"rendered":"http:\/\/artkom-studio.com\/bellamy\/?page_id=351"},"modified":"2020-12-15T09:40:29","modified_gmt":"2020-12-15T08:40:29","slug":"realisations","status":"publish","type":"page","link":"https:\/\/artkom-studio.com\/bellamy\/realisations\/","title":{"rendered":"R\u00e9alisations par th\u00e8me"},"content":{"rendered":"\r\n<p><a href=\"http:\/\/artkom-studio.com\/bellamy\/plaques-signaletiques\/\"><img fetchpriority=\"high\" decoding=\"async\" class=\"alignnone size-medium wp-image-71\" src=\"http:\/\/artkom-studio.com\/bellamy\/wp-content\/uploads\/sites\/6\/2020\/12\/p_0028-2-300x225.jpg\" alt=\"\" width=\"300\" height=\"225\" srcset=\"https:\/\/artkom-studio.com\/bellamy\/wp-content\/uploads\/sites\/6\/2020\/12\/p_0028-2-300x225.jpg 300w, https:\/\/artkom-studio.com\/bellamy\/wp-content\/uploads\/sites\/6\/2020\/12\/p_0028-2.jpg 472w\" sizes=\"(max-width: 300px) 100vw, 300px\" \/><\/a><\/p>\r\n<p><a href=\"http:\/\/artkom-studio.com\/bellamy\/plaques-signaletiques\/\">Plaques Signal\u00e9tiques<\/a><\/p>\r\n<p>&nbsp;<\/p>\r\n<p><a href=\"http:\/\/artkom-studio.com\/bellamy\/plaques-commemoratives\/\"><img decoding=\"async\" class=\"alignnone size-medium wp-image-99\" src=\"http:\/\/artkom-studio.com\/bellamy\/wp-content\/uploads\/sites\/6\/2020\/12\/p_0007-1-300x225.jpg\" alt=\"\" width=\"300\" height=\"225\" srcset=\"https:\/\/artkom-studio.com\/bellamy\/wp-content\/uploads\/sites\/6\/2020\/12\/p_0007-1-300x225.jpg 300w, https:\/\/artkom-studio.com\/bellamy\/wp-content\/uploads\/sites\/6\/2020\/12\/p_0007-1.jpg 472w\" sizes=\"(max-width: 300px) 100vw, 300px\" \/><\/a><\/p>\r\n<p><a href=\"http:\/\/artkom-studio.com\/bellamy\/plaques-commemoratives\/\">Plaques Comm\u00e9moratives<\/a><\/p>\r\n<p>&nbsp;<\/p>\r\n<p><a href=\"http:\/\/artkom-studio.com\/bellamy\/bornes\/\"><img decoding=\"async\" class=\"alignnone size-medium wp-image-126\" src=\"http:\/\/artkom-studio.com\/bellamy\/wp-content\/uploads\/sites\/6\/2020\/12\/p_0016-1-300x225.jpg\" alt=\"\" width=\"300\" height=\"225\" srcset=\"https:\/\/artkom-studio.com\/bellamy\/wp-content\/uploads\/sites\/6\/2020\/12\/p_0016-1-300x225.jpg 300w, https:\/\/artkom-studio.com\/bellamy\/wp-content\/uploads\/sites\/6\/2020\/12\/p_0016-1.jpg 472w\" sizes=\"(max-width: 300px) 100vw, 300px\" \/><\/a><\/p>\r\n<p><a href=\"http:\/\/artkom-studio.com\/bellamy\/bornes\/\">Bornes<\/a><\/p>\r\n<p>&nbsp;<\/p>\r\n<p><a href=\"http:\/\/artkom-studio.com\/bellamy\/blasons\/\"><img loading=\"lazy\" decoding=\"async\" class=\"alignnone size-medium wp-image-137\" src=\"http:\/\/artkom-studio.com\/bellamy\/wp-content\/uploads\/sites\/6\/2020\/12\/p_0006-2-1-300x225.jpg\" alt=\"\" width=\"300\" height=\"225\" srcset=\"https:\/\/artkom-studio.com\/bellamy\/wp-content\/uploads\/sites\/6\/2020\/12\/p_0006-2-1-300x225.jpg 300w, https:\/\/artkom-studio.com\/bellamy\/wp-content\/uploads\/sites\/6\/2020\/12\/p_0006-2-1.jpg 472w\" sizes=\"(max-width: 300px) 100vw, 300px\" \/><\/a><\/p>\r\n<p><a href=\"http:\/\/artkom-studio.com\/bellamy\/blasons\/\">Blasons<\/a><\/p>\r\n<p>&nbsp;<\/p>\r\n<p><a href=\"http:\/\/artkom-studio.com\/bellamy\/gravure\/\"><img loading=\"lazy\" decoding=\"async\" class=\"alignnone size-medium wp-image-184\" src=\"http:\/\/artkom-studio.com\/bellamy\/wp-content\/uploads\/sites\/6\/2020\/12\/p_0038-1-300x225.jpg\" alt=\"\" width=\"300\" height=\"225\" srcset=\"https:\/\/artkom-studio.com\/bellamy\/wp-content\/uploads\/sites\/6\/2020\/12\/p_0038-1-300x225.jpg 300w, https:\/\/artkom-studio.com\/bellamy\/wp-content\/uploads\/sites\/6\/2020\/12\/p_0038-1.jpg 472w\" sizes=\"(max-width: 300px) 100vw, 300px\" \/><\/a><\/p>\r\n<p><a href=\"http:\/\/artkom-studio.com\/bellamy\/gravure\/\">Gravure, sculpture et d\u00e9tails d&rsquo;ornements<\/a><\/p>\r\n<p>&nbsp;<\/p>\r\n<p><a href=\"http:\/\/artkom-studio.com\/bellamy\/monuments-commemoratifs\/\"><img loading=\"lazy\" decoding=\"async\" class=\"alignnone size-medium wp-image-208\" src=\"http:\/\/artkom-studio.com\/bellamy\/wp-content\/uploads\/sites\/6\/2020\/12\/p_0015-2-1-300x225.jpg\" alt=\"\" width=\"300\" height=\"225\" srcset=\"https:\/\/artkom-studio.com\/bellamy\/wp-content\/uploads\/sites\/6\/2020\/12\/p_0015-2-1-300x225.jpg 300w, https:\/\/artkom-studio.com\/bellamy\/wp-content\/uploads\/sites\/6\/2020\/12\/p_0015-2-1.jpg 472w\" sizes=\"(max-width: 300px) 100vw, 300px\" \/><\/a><\/p>\r\n<p><a href=\"http:\/\/artkom-studio.com\/bellamy\/monuments-commemoratifs\/\">Monuments Comm\u00e9moratifs<\/a><\/p>\r\n<p>&nbsp;<\/p>\r\n<p><a href=\"http:\/\/artkom-studio.com\/bellamy\/arts-derniers\/\"><img loading=\"lazy\" decoding=\"async\" class=\"alignnone size-medium wp-image-254\" src=\"http:\/\/artkom-studio.com\/bellamy\/wp-content\/uploads\/sites\/6\/2020\/12\/p_0028-4-300x225.jpg\" alt=\"\" width=\"300\" height=\"225\" srcset=\"https:\/\/artkom-studio.com\/bellamy\/wp-content\/uploads\/sites\/6\/2020\/12\/p_0028-4-300x225.jpg 300w, https:\/\/artkom-studio.com\/bellamy\/wp-content\/uploads\/sites\/6\/2020\/12\/p_0028-4.jpg 472w\" sizes=\"(max-width: 300px) 100vw, 300px\" \/><\/a><\/p>\r\n<p><a href=\"http:\/\/artkom-studio.com\/bellamy\/arts-derniers\/\">Arts Derniers<\/a><\/p>\r\n<p>&nbsp;<\/p>\r\n<p><a href=\"http:\/\/artkom-studio.com\/bellamy\/creations-diverses\/\"><img loading=\"lazy\" decoding=\"async\" class=\"alignnone size-medium wp-image-313\" src=\"http:\/\/artkom-studio.com\/bellamy\/wp-content\/uploads\/sites\/6\/2020\/12\/p_0025-2-1-300x225.jpg\" alt=\"\" width=\"300\" height=\"225\" srcset=\"https:\/\/artkom-studio.com\/bellamy\/wp-content\/uploads\/sites\/6\/2020\/12\/p_0025-2-1-300x225.jpg 300w, https:\/\/artkom-studio.com\/bellamy\/wp-content\/uploads\/sites\/6\/2020\/12\/p_0025-2-1.jpg 472w\" sizes=\"(max-width: 300px) 100vw, 300px\" \/><\/a><\/p>\r\n<p><a href=\"http:\/\/artkom-studio.com\/bellamy\/creations-diverses\/\">Cr\u00e9ations diverses<\/a><\/p>\r\n","protected":false},"excerpt":{"rendered":"<p>Plaques Signal\u00e9tiques &nbsp; Plaques Comm\u00e9moratives &nbsp; Bornes &nbsp; Blasons &nbsp; Gravure, sculpture et d\u00e9tails d&rsquo;ornements &nbsp; Monuments Comm\u00e9moratifs &nbsp; Arts Derniers &nbsp; Cr\u00e9ations diverses<\/p>\n","protected":false},"author":1,"featured_media":40,"parent":0,"menu_order":0,"comment_status":"closed","ping_status":"open","template":"","meta":{"_seopress_robots_primary_cat":"","_seopress_titles_title":"","_seopress_titles_desc":"","_seopress_robots_index":"","iawp_total_views":10,"footnotes":""},"class_list":["post-351","page","type-page","status-publish","has-post-thumbnail","hentry"],"_links":{"self":[{"href":"https:\/\/artkom-studio.com\/bellamy\/wp-json\/wp\/v2\/pages\/351","targetHints":{"allow":["GET"]}}],"collection":[{"href":"https:\/\/artkom-studio.com\/bellamy\/wp-json\/wp\/v2\/pages"}],"about":[{"href":"https:\/\/artkom-studio.com\/bellamy\/wp-json\/wp\/v2\/types\/page"}],"author":[{"embeddable":true,"href":"https:\/\/artkom-studio.com\/bellamy\/wp-json\/wp\/v2\/users\/1"}],"replies":[{"embeddable":true,"href":"https:\/\/artkom-studio.com\/bellamy\/wp-json\/wp\/v2\/comments?post=351"}],"version-history":[{"count":8,"href":"https:\/\/artkom-studio.com\/bellamy\/wp-json\/wp\/v2\/pages\/351\/revisions"}],"predecessor-version":[{"id":492,"href":"https:\/\/artkom-studio.com\/bellamy\/wp-json\/wp\/v2\/pages\/351\/revisions\/492"}],"wp:featuredmedia":[{"embeddable":true,"href":"https:\/\/artkom-studio.com\/bellamy\/wp-json\/wp\/v2\/media\/40"}],"wp:attachment":[{"href":"https:\/\/artkom-studio.com\/bellamy\/wp-json\/wp\/v2\/media?parent=351"}],"curies":[{"name":"wp","href":"https:\/\/api.w.org\/{rel}","templated":true}]}}