{"id":192,"date":"2020-12-14T14:31:09","date_gmt":"2020-12-14T13:31:09","guid":{"rendered":"http:\/\/artkom-studio.com\/bellamy\/?page_id=192"},"modified":"2020-12-14T14:31:09","modified_gmt":"2020-12-14T13:31:09","slug":"monuments-commemoratifs","status":"publish","type":"page","link":"https:\/\/artkom-studio.com\/bellamy\/monuments-commemoratifs\/","title":{"rendered":"Monuments Comm\u00e9moratifs"},"content":{"rendered":"<p>Cr\u00e9ations originales \u00e0 la demande<\/p>\n<p>[URIS id=193]<\/p>\n<p>&nbsp;<\/p>\n","protected":false},"excerpt":{"rendered":"<p>Cr\u00e9ations originales \u00e0 la demande [URIS id=193] &nbsp;<\/p>\n","protected":false},"author":1,"featured_media":0,"parent":0,"menu_order":0,"comment_status":"closed","ping_status":"open","template":"","meta":{"_seopress_robots_primary_cat":"","_seopress_titles_title":"","_seopress_titles_desc":"","_seopress_robots_index":"","iawp_total_views":2,"footnotes":""},"class_list":["post-192","page","type-page","status-publish","hentry"],"_links":{"self":[{"href":"https:\/\/artkom-studio.com\/bellamy\/wp-json\/wp\/v2\/pages\/192","targetHints":{"allow":["GET"]}}],"collection":[{"href":"https:\/\/artkom-studio.com\/bellamy\/wp-json\/wp\/v2\/pages"}],"about":[{"href":"https:\/\/artkom-studio.com\/bellamy\/wp-json\/wp\/v2\/types\/page"}],"author":[{"embeddable":true,"href":"https:\/\/artkom-studio.com\/bellamy\/wp-json\/wp\/v2\/users\/1"}],"replies":[{"embeddable":true,"href":"https:\/\/artkom-studio.com\/bellamy\/wp-json\/wp\/v2\/comments?post=192"}],"version-history":[{"count":1,"href":"https:\/\/artkom-studio.com\/bellamy\/wp-json\/wp\/v2\/pages\/192\/revisions"}],"predecessor-version":[{"id":224,"href":"https:\/\/artkom-studio.com\/bellamy\/wp-json\/wp\/v2\/pages\/192\/revisions\/224"}],"wp:attachment":[{"href":"https:\/\/artkom-studio.com\/bellamy\/wp-json\/wp\/v2\/media?parent=192"}],"curies":[{"name":"wp","href":"https:\/\/api.w.org\/{rel}","templated":true}]}}