{"id":102,"date":"2020-12-14T14:06:06","date_gmt":"2020-12-14T13:06:06","guid":{"rendered":"http:\/\/artkom-studio.com\/bellamy\/?page_id=102"},"modified":"2020-12-14T14:10:00","modified_gmt":"2020-12-14T13:10:00","slug":"plaques-commemoratives","status":"publish","type":"page","link":"https:\/\/artkom-studio.com\/bellamy\/plaques-commemoratives\/","title":{"rendered":"Plaques Comm\u00e9moratives"},"content":{"rendered":"<p>Cr\u00e9ations originales \u00e0 la demande<\/p>\n<p>[URIS id=92]<\/p>\n<p>&nbsp;<\/p>\n","protected":false},"excerpt":{"rendered":"<p>Cr\u00e9ations originales \u00e0 la demande [URIS id=92] &nbsp;<\/p>\n","protected":false},"author":1,"featured_media":0,"parent":0,"menu_order":0,"comment_status":"closed","ping_status":"open","template":"","meta":{"_seopress_robots_primary_cat":"","_seopress_titles_title":"","_seopress_titles_desc":"","_seopress_robots_index":"","iawp_total_views":3,"footnotes":""},"class_list":["post-102","page","type-page","status-publish","hentry"],"_links":{"self":[{"href":"https:\/\/artkom-studio.com\/bellamy\/wp-json\/wp\/v2\/pages\/102","targetHints":{"allow":["GET"]}}],"collection":[{"href":"https:\/\/artkom-studio.com\/bellamy\/wp-json\/wp\/v2\/pages"}],"about":[{"href":"https:\/\/artkom-studio.com\/bellamy\/wp-json\/wp\/v2\/types\/page"}],"author":[{"embeddable":true,"href":"https:\/\/artkom-studio.com\/bellamy\/wp-json\/wp\/v2\/users\/1"}],"replies":[{"embeddable":true,"href":"https:\/\/artkom-studio.com\/bellamy\/wp-json\/wp\/v2\/comments?post=102"}],"version-history":[{"count":3,"href":"https:\/\/artkom-studio.com\/bellamy\/wp-json\/wp\/v2\/pages\/102\/revisions"}],"predecessor-version":[{"id":108,"href":"https:\/\/artkom-studio.com\/bellamy\/wp-json\/wp\/v2\/pages\/102\/revisions\/108"}],"wp:attachment":[{"href":"https:\/\/artkom-studio.com\/bellamy\/wp-json\/wp\/v2\/media?parent=102"}],"curies":[{"name":"wp","href":"https:\/\/api.w.org\/{rel}","templated":true}]}}